{"id":46,"date":"2025-07-07T15:04:59","date_gmt":"2025-07-07T13:04:59","guid":{"rendered":"http:\/\/localhost\/generationactionsolidaire\/?page_id=46"},"modified":"2025-11-03T23:52:27","modified_gmt":"2025-11-03T22:52:27","slug":"cours-danglais","status":"publish","type":"page","link":"https:\/\/www.generation-action-solidaire.org\/index.php\/cours-danglais\/","title":{"rendered":"Ateliers d&rsquo;anglais"},"content":{"rendered":"\n<div class=\"wp-block-columns is-layout-flex wp-container-core-columns-is-layout-28f84493 wp-block-columns-is-layout-flex\">\n<div class=\"wp-block-column is-layout-flow wp-block-column-is-layout-flow\">\n<div class=\"wp-block-group alignfull has-ti-bg-alt-color has-ti-bg-inv-background-color has-text-color has-background is-layout-constrained wp-container-core-group-is-layout-f4a48e69 wp-block-group-is-layout-constrained\" style=\"margin-top:0px;margin-bottom:0px;padding-top:64px;padding-bottom:64px;background-image:url(&apos;https:\/\/www.generation-action-solidaire.org\/wp-content\/uploads\/2025\/07\/WhatsApp-Image-2025-07-29-at-12.30.48-edited.jpeg&apos;);background-position:54% 82%;background-size:cover;\">\n<div style=\"height:100px\" aria-hidden=\"true\" class=\"wp-block-spacer\"><\/div>\n\n\n\n<div class=\"wp-block-group alignwide is-layout-flow wp-block-group-is-layout-flow\">\n<div class=\"wp-block-group alignwide is-layout-constrained wp-block-group-is-layout-constrained\"><h1 class=\"has-text-align-center has-link-color alignwide wp-elements-c0be185ad608af43c5558572c77c4f80 wp-block-post-title has-text-color has-ti-fg-color\">Ateliers d&rsquo;anglais<\/h1><\/div>\n<\/div>\n\n\n\n<div style=\"height:100px\" aria-hidden=\"true\" class=\"wp-block-spacer\"><\/div>\n<\/div>\n\n\n\n<h3 class=\"wp-block-heading\">Ateliers d&rsquo;anglais<\/h3>\n\n\n\n<p>G\u00e9n\u00e9ration Action Solidaire encourage l&rsquo;apprentissage de l&rsquo;anglais d\u00e8s le jeune \u00e2ge pour soutenir la r\u00e9ussite scolaire. Nos ateliers d&rsquo;anglais permettent aux enfants de progresser naturellement \u00e0 travers des activit\u00e9s ludiques et interactives.<\/p>\n\n\n\n<h3 class=\"wp-block-heading\">Horaires<\/h3>\n\n\n\n<p class=\"has-black-color has-text-color has-link-color wp-elements-03bf3cb7c65423a26e0f048729895e63\"><strong>Les ateliers d&rsquo;anglais pour enfants sont de retour le samedi de 10h \u00e0 11h et le dimanche de 16h \u00e0 17h<\/strong>.<\/p>\n\n\n\n<div class=\"wp-block-columns is-layout-flex wp-container-core-columns-is-layout-28f84493 wp-block-columns-is-layout-flex\">\n<div class=\"wp-block-column is-layout-flow wp-block-column-is-layout-flow\">\n<figure class=\"wp-block-image size-large\"><img loading=\"lazy\" decoding=\"async\" width=\"724\" height=\"1024\" src=\"https:\/\/www.generation-action-solidaire.org\/wp-content\/uploads\/2025\/10\/atelier-anglais-2025-2026-groupe-1-1-724x1024.jpg\" alt=\"\" class=\"wp-image-589\" srcset=\"https:\/\/www.generation-action-solidaire.org\/wp-content\/uploads\/2025\/10\/atelier-anglais-2025-2026-groupe-1-1-724x1024.jpg 724w, https:\/\/www.generation-action-solidaire.org\/wp-content\/uploads\/2025\/10\/atelier-anglais-2025-2026-groupe-1-1-212x300.jpg 212w, https:\/\/www.generation-action-solidaire.org\/wp-content\/uploads\/2025\/10\/atelier-anglais-2025-2026-groupe-1-1-768x1086.jpg 768w, https:\/\/www.generation-action-solidaire.org\/wp-content\/uploads\/2025\/10\/atelier-anglais-2025-2026-groupe-1-1-1086x1536.jpg 1086w, https:\/\/www.generation-action-solidaire.org\/wp-content\/uploads\/2025\/10\/atelier-anglais-2025-2026-groupe-1-1-scaled.jpg 1810w\" sizes=\"auto, (max-width: 724px) 100vw, 724px\" \/><\/figure>\n<\/div>\n\n\n\n<div class=\"wp-block-column is-layout-flow wp-block-column-is-layout-flow\">\n<figure class=\"wp-block-image size-large\"><img loading=\"lazy\" decoding=\"async\" width=\"724\" height=\"1024\" src=\"https:\/\/www.generation-action-solidaire.org\/wp-content\/uploads\/2025\/10\/atelier-anglais-2025-2026-groupe-2-724x1024.jpg\" alt=\"\" class=\"wp-image-587\" srcset=\"https:\/\/www.generation-action-solidaire.org\/wp-content\/uploads\/2025\/10\/atelier-anglais-2025-2026-groupe-2-724x1024.jpg 724w, https:\/\/www.generation-action-solidaire.org\/wp-content\/uploads\/2025\/10\/atelier-anglais-2025-2026-groupe-2-212x300.jpg 212w, https:\/\/www.generation-action-solidaire.org\/wp-content\/uploads\/2025\/10\/atelier-anglais-2025-2026-groupe-2-768x1086.jpg 768w, https:\/\/www.generation-action-solidaire.org\/wp-content\/uploads\/2025\/10\/atelier-anglais-2025-2026-groupe-2-1086x1536.jpg 1086w, https:\/\/www.generation-action-solidaire.org\/wp-content\/uploads\/2025\/10\/atelier-anglais-2025-2026-groupe-2-scaled.jpg 1810w\" sizes=\"auto, (max-width: 724px) 100vw, 724px\" \/><\/figure>\n<\/div>\n<\/div>\n\n\n\n<p>Les inscriptions sont ouvertes jusque la <strong>date limite : mercredi 5 novembre 2025<\/strong>.<\/p>\n\n\n\n<h3 class=\"wp-block-heading\">Cours d&rsquo;anglais pour adultes<\/h3>\n\n\n\n<p>Les cours d&rsquo;anglais pour les adultes ont lieu chaque dimanche de 15h30 \u00e0 16h45.<\/p>\n\n\n\n<figure class=\"wp-block-image size-full is-resized\"><img loading=\"lazy\" decoding=\"async\" width=\"1024\" height=\"1536\" src=\"https:\/\/www.generation-action-solidaire.org\/wp-content\/uploads\/2025\/11\/WhatsApp-Image-2025-11-03-at-16.45.17.jpeg\" alt=\"\" class=\"wp-image-622\" style=\"width:734px;height:auto\" srcset=\"https:\/\/www.generation-action-solidaire.org\/wp-content\/uploads\/2025\/11\/WhatsApp-Image-2025-11-03-at-16.45.17.jpeg 1024w, https:\/\/www.generation-action-solidaire.org\/wp-content\/uploads\/2025\/11\/WhatsApp-Image-2025-11-03-at-16.45.17-200x300.jpeg 200w, https:\/\/www.generation-action-solidaire.org\/wp-content\/uploads\/2025\/11\/WhatsApp-Image-2025-11-03-at-16.45.17-683x1024.jpeg 683w, https:\/\/www.generation-action-solidaire.org\/wp-content\/uploads\/2025\/11\/WhatsApp-Image-2025-11-03-at-16.45.17-768x1152.jpeg 768w\" sizes=\"auto, (max-width: 1024px) 100vw, 1024px\" \/><\/figure>\n\n\n\n<div class=\"wp-block-group has-white-color has-ti-accent-background-color has-text-color has-background has-link-color wp-elements-f149f1a4877a9c40785b2cc987a959f9 is-layout-flow wp-block-group-is-layout-flow\">\n<h3 class=\"wp-block-heading has-text-align-center\">Modalit\u00e9s d&rsquo;inscription<\/h3>\n<\/div>\n\n\n\n<div class=\"wp-block-columns is-layout-flex wp-container-core-columns-is-layout-28f84493 wp-block-columns-is-layout-flex\">\n<div class=\"wp-block-column is-layout-flow wp-block-column-is-layout-flow\">\n<p>Etape 1 : Pour vous inscrire ou vous r\u00e9inscrire aux<strong> ATELIERS ENFANTS<\/strong>, veuillez remplir le formulaire ci-dessous :<\/p>\n\n\n\n<div data-wp-interactive=\"core\/file\" class=\"wp-block-file\" style=\"margin-right:0;margin-left:0;padding-right:0;padding-left:0\"><object data-wp-bind--hidden=\"!state.hasPdfPreview\" hidden class=\"wp-block-file__embed\" data=\"https:\/\/www.generation-action-solidaire.org\/wp-content\/uploads\/2025\/11\/fiche-dinscription-ateliers-anglais-2025-2026.pdf\" type=\"application\/pdf\" style=\"width:100%;height:600px\" aria-label=\"Contenu embarqu\u00e9 inscription anglais enfant 2025-2026.\"><\/object><a id=\"wp-block-file--media-520ed0f1-719b-424b-9a58-dda9a782c02d\" href=\"https:\/\/www.generation-action-solidaire.org\/wp-content\/uploads\/2025\/11\/fiche-dinscription-ateliers-anglais-2025-2026.pdf\">inscription anglais enfant 2025-2026<\/a><a href=\"https:\/\/www.generation-action-solidaire.org\/wp-content\/uploads\/2025\/11\/fiche-dinscription-ateliers-anglais-2025-2026.pdf\" class=\"wp-block-file__button wp-element-button\" download aria-describedby=\"wp-block-file--media-520ed0f1-719b-424b-9a58-dda9a782c02d\">T\u00e9l\u00e9charger<\/a><\/div>\n<\/div>\n\n\n\n<div class=\"wp-block-column is-layout-flow wp-block-column-is-layout-flow\">\n<p>Pour vous inscrire ou vous r\u00e9inscrire aux<strong> ATELIERS ADULTES <\/strong>, veuillez remplir le formulaire ci ci-dessous :<\/p>\n\n\n\n<div data-wp-interactive=\"core\/file\" class=\"wp-block-file\"><object data-wp-bind--hidden=\"!state.hasPdfPreview\" hidden class=\"wp-block-file__embed\" data=\"https:\/\/www.generation-action-solidaire.org\/wp-content\/uploads\/2025\/11\/fiche-dinscription-anglais-adulte.pdf\" type=\"application\/pdf\" style=\"width:100%;height:600px\" aria-label=\"Contenu embarqu\u00e9 inscription anglais adulte 2025-2026.\"><\/object><a id=\"wp-block-file--media-169a385c-9bcb-4d48-85f8-b4bbd4246a43\" href=\"https:\/\/www.generation-action-solidaire.org\/wp-content\/uploads\/2025\/11\/fiche-dinscription-anglais-adulte.pdf\">inscription anglais adulte 2025-2026<\/a><a href=\"https:\/\/www.generation-action-solidaire.org\/wp-content\/uploads\/2025\/11\/fiche-dinscription-anglais-adulte.pdf\" class=\"wp-block-file__button wp-element-button\" download aria-describedby=\"wp-block-file--media-169a385c-9bcb-4d48-85f8-b4bbd4246a43\">T\u00e9l\u00e9charger<\/a><\/div>\n<\/div>\n<\/div>\n\n\n\n<p class=\"has-black-color has-text-color has-link-color wp-elements-ead3ab9a8df412c50bdeb8a663d08523\">Etape 2 : Veuillez envoyer le formulaire compl\u00e9t\u00e9 et pi\u00e8ces demand\u00e9es par mail : <strong>generationactionsolidaire2018@gmail.com <\/strong><\/p>\n\n\n\n<p>Apr\u00e8s validation de votre inscription, vous recevrez un message pour effectuer le paiement des frais.<\/p>\n<\/div>\n<\/div>\n","protected":false},"excerpt":{"rendered":"<p>Ateliers d&rsquo;anglais G\u00e9n\u00e9ration Action Solidaire encourage l&rsquo;apprentissage de l&rsquo;anglais d\u00e8s le jeune \u00e2ge pour soutenir la r\u00e9ussite scolaire. Nos ateliers d&rsquo;anglais permettent aux enfants de progresser naturellement \u00e0 travers des activit\u00e9s ludiques et interactives. Horaires Les ateliers d&rsquo;anglais pour enfants sont de retour le samedi de 10h \u00e0 11h et le dimanche de 16h \u00e0 [&hellip;]<\/p>\n","protected":false},"author":1,"featured_media":0,"parent":0,"menu_order":0,"comment_status":"closed","ping_status":"closed","template":"","meta":{"footnotes":""},"class_list":["post-46","page","type-page","status-publish","hentry"],"yoast_head":"<!-- This site is optimized with the Yoast SEO plugin v25.6 - https:\/\/yoast.com\/wordpress\/plugins\/seo\/ -->\n<title>Ateliers d&#039;anglais - G\u00e9n\u00e9ration Action Solidaire<\/title>\n<meta name=\"robots\" content=\"index, follow, max-snippet:-1, max-image-preview:large, max-video-preview:-1\" \/>\n<link rel=\"canonical\" href=\"https:\/\/www.generation-action-solidaire.org\/index.php\/cours-danglais\/\" \/>\n<meta property=\"og:locale\" content=\"fr_FR\" \/>\n<meta property=\"og:type\" content=\"article\" \/>\n<meta property=\"og:title\" content=\"Ateliers d&#039;anglais - G\u00e9n\u00e9ration Action Solidaire\" \/>\n<meta property=\"og:description\" content=\"Ateliers d&rsquo;anglais G\u00e9n\u00e9ration Action Solidaire encourage l&rsquo;apprentissage de l&rsquo;anglais d\u00e8s le jeune \u00e2ge pour soutenir la r\u00e9ussite scolaire. Nos ateliers d&rsquo;anglais permettent aux enfants de progresser naturellement \u00e0 travers des activit\u00e9s ludiques et interactives. Horaires Les ateliers d&rsquo;anglais pour enfants sont de retour le samedi de 10h \u00e0 11h et le dimanche de 16h \u00e0 [&hellip;]\" \/>\n<meta property=\"og:url\" content=\"https:\/\/www.generation-action-solidaire.org\/index.php\/cours-danglais\/\" \/>\n<meta property=\"og:site_name\" content=\"G\u00e9n\u00e9ration Action Solidaire\" \/>\n<meta property=\"article:modified_time\" content=\"2025-11-03T22:52:27+00:00\" \/>\n<meta property=\"og:image\" content=\"https:\/\/www.generation-action-solidaire.org\/wp-content\/uploads\/2025\/10\/atelier-anglais-2025-2026-groupe-1-1-scaled.jpg\" \/>\n\t<meta property=\"og:image:width\" content=\"1810\" \/>\n\t<meta property=\"og:image:height\" content=\"2560\" \/>\n\t<meta property=\"og:image:type\" content=\"image\/jpeg\" \/>\n<meta name=\"twitter:card\" content=\"summary_large_image\" \/>\n<meta name=\"twitter:label1\" content=\"Dur\u00e9e de lecture estim\u00e9e\" \/>\n\t<meta name=\"twitter:data1\" content=\"2 minutes\" \/>\n<script type=\"application\/ld+json\" class=\"yoast-schema-graph\">{\"@context\":\"https:\/\/schema.org\",\"@graph\":[{\"@type\":\"WebPage\",\"@id\":\"https:\/\/www.generation-action-solidaire.org\/index.php\/cours-danglais\/\",\"url\":\"https:\/\/www.generation-action-solidaire.org\/index.php\/cours-danglais\/\",\"name\":\"Ateliers d'anglais - G\u00e9n\u00e9ration Action Solidaire\",\"isPartOf\":{\"@id\":\"https:\/\/www.generation-action-solidaire.org\/#website\"},\"primaryImageOfPage\":{\"@id\":\"https:\/\/www.generation-action-solidaire.org\/index.php\/cours-danglais\/#primaryimage\"},\"image\":{\"@id\":\"https:\/\/www.generation-action-solidaire.org\/index.php\/cours-danglais\/#primaryimage\"},\"thumbnailUrl\":\"https:\/\/www.generation-action-solidaire.org\/wp-content\/uploads\/2025\/10\/atelier-anglais-2025-2026-groupe-1-1-724x1024.jpg\",\"datePublished\":\"2025-07-07T13:04:59+00:00\",\"dateModified\":\"2025-11-03T22:52:27+00:00\",\"breadcrumb\":{\"@id\":\"https:\/\/www.generation-action-solidaire.org\/index.php\/cours-danglais\/#breadcrumb\"},\"inLanguage\":\"fr-FR\",\"potentialAction\":[{\"@type\":\"ReadAction\",\"target\":[\"https:\/\/www.generation-action-solidaire.org\/index.php\/cours-danglais\/\"]}]},{\"@type\":\"ImageObject\",\"inLanguage\":\"fr-FR\",\"@id\":\"https:\/\/www.generation-action-solidaire.org\/index.php\/cours-danglais\/#primaryimage\",\"url\":\"https:\/\/www.generation-action-solidaire.org\/wp-content\/uploads\/2025\/10\/atelier-anglais-2025-2026-groupe-1-1-scaled.jpg\",\"contentUrl\":\"https:\/\/www.generation-action-solidaire.org\/wp-content\/uploads\/2025\/10\/atelier-anglais-2025-2026-groupe-1-1-scaled.jpg\",\"width\":1810,\"height\":2560},{\"@type\":\"BreadcrumbList\",\"@id\":\"https:\/\/www.generation-action-solidaire.org\/index.php\/cours-danglais\/#breadcrumb\",\"itemListElement\":[{\"@type\":\"ListItem\",\"position\":1,\"name\":\"Accueil\",\"item\":\"https:\/\/www.generation-action-solidaire.org\/\"},{\"@type\":\"ListItem\",\"position\":2,\"name\":\"Ateliers d&rsquo;anglais\"}]},{\"@type\":\"WebSite\",\"@id\":\"https:\/\/www.generation-action-solidaire.org\/#website\",\"url\":\"https:\/\/www.generation-action-solidaire.org\/\",\"name\":\"G\u00e9n\u00e9ration Action Solidaire\",\"description\":\"\",\"publisher\":{\"@id\":\"https:\/\/www.generation-action-solidaire.org\/#organization\"},\"potentialAction\":[{\"@type\":\"SearchAction\",\"target\":{\"@type\":\"EntryPoint\",\"urlTemplate\":\"https:\/\/www.generation-action-solidaire.org\/?s={search_term_string}\"},\"query-input\":{\"@type\":\"PropertyValueSpecification\",\"valueRequired\":true,\"valueName\":\"search_term_string\"}}],\"inLanguage\":\"fr-FR\"},{\"@type\":\"Organization\",\"@id\":\"https:\/\/www.generation-action-solidaire.org\/#organization\",\"name\":\"G\u00e9n\u00e9ration Action Solidaire\",\"url\":\"https:\/\/www.generation-action-solidaire.org\/\",\"logo\":{\"@type\":\"ImageObject\",\"inLanguage\":\"fr-FR\",\"@id\":\"https:\/\/www.generation-action-solidaire.org\/#\/schema\/logo\/image\/\",\"url\":\"https:\/\/www.generation-action-solidaire.org\/wp-content\/uploads\/2025\/07\/logo-gas.jpg\",\"contentUrl\":\"https:\/\/www.generation-action-solidaire.org\/wp-content\/uploads\/2025\/07\/logo-gas.jpg\",\"width\":224,\"height\":224,\"caption\":\"G\u00e9n\u00e9ration Action Solidaire\"},\"image\":{\"@id\":\"https:\/\/www.generation-action-solidaire.org\/#\/schema\/logo\/image\/\"},\"sameAs\":[\"https:\/\/www.instagram.com\/generation_action_solidaire\/\"]}]}<\/script>\n<!-- \/ Yoast SEO plugin. -->","yoast_head_json":{"title":"Ateliers d'anglais - G\u00e9n\u00e9ration Action Solidaire","robots":{"index":"index","follow":"follow","max-snippet":"max-snippet:-1","max-image-preview":"max-image-preview:large","max-video-preview":"max-video-preview:-1"},"canonical":"https:\/\/www.generation-action-solidaire.org\/index.php\/cours-danglais\/","og_locale":"fr_FR","og_type":"article","og_title":"Ateliers d'anglais - G\u00e9n\u00e9ration Action Solidaire","og_description":"Ateliers d&rsquo;anglais G\u00e9n\u00e9ration Action Solidaire encourage l&rsquo;apprentissage de l&rsquo;anglais d\u00e8s le jeune \u00e2ge pour soutenir la r\u00e9ussite scolaire. Nos ateliers d&rsquo;anglais permettent aux enfants de progresser naturellement \u00e0 travers des activit\u00e9s ludiques et interactives. Horaires Les ateliers d&rsquo;anglais pour enfants sont de retour le samedi de 10h \u00e0 11h et le dimanche de 16h \u00e0 [&hellip;]","og_url":"https:\/\/www.generation-action-solidaire.org\/index.php\/cours-danglais\/","og_site_name":"G\u00e9n\u00e9ration Action Solidaire","article_modified_time":"2025-11-03T22:52:27+00:00","og_image":[{"width":1810,"height":2560,"url":"https:\/\/www.generation-action-solidaire.org\/wp-content\/uploads\/2025\/10\/atelier-anglais-2025-2026-groupe-1-1-scaled.jpg","type":"image\/jpeg"}],"twitter_card":"summary_large_image","twitter_misc":{"Dur\u00e9e de lecture estim\u00e9e":"2 minutes"},"schema":{"@context":"https:\/\/schema.org","@graph":[{"@type":"WebPage","@id":"https:\/\/www.generation-action-solidaire.org\/index.php\/cours-danglais\/","url":"https:\/\/www.generation-action-solidaire.org\/index.php\/cours-danglais\/","name":"Ateliers d'anglais - G\u00e9n\u00e9ration Action Solidaire","isPartOf":{"@id":"https:\/\/www.generation-action-solidaire.org\/#website"},"primaryImageOfPage":{"@id":"https:\/\/www.generation-action-solidaire.org\/index.php\/cours-danglais\/#primaryimage"},"image":{"@id":"https:\/\/www.generation-action-solidaire.org\/index.php\/cours-danglais\/#primaryimage"},"thumbnailUrl":"https:\/\/www.generation-action-solidaire.org\/wp-content\/uploads\/2025\/10\/atelier-anglais-2025-2026-groupe-1-1-724x1024.jpg","datePublished":"2025-07-07T13:04:59+00:00","dateModified":"2025-11-03T22:52:27+00:00","breadcrumb":{"@id":"https:\/\/www.generation-action-solidaire.org\/index.php\/cours-danglais\/#breadcrumb"},"inLanguage":"fr-FR","potentialAction":[{"@type":"ReadAction","target":["https:\/\/www.generation-action-solidaire.org\/index.php\/cours-danglais\/"]}]},{"@type":"ImageObject","inLanguage":"fr-FR","@id":"https:\/\/www.generation-action-solidaire.org\/index.php\/cours-danglais\/#primaryimage","url":"https:\/\/www.generation-action-solidaire.org\/wp-content\/uploads\/2025\/10\/atelier-anglais-2025-2026-groupe-1-1-scaled.jpg","contentUrl":"https:\/\/www.generation-action-solidaire.org\/wp-content\/uploads\/2025\/10\/atelier-anglais-2025-2026-groupe-1-1-scaled.jpg","width":1810,"height":2560},{"@type":"BreadcrumbList","@id":"https:\/\/www.generation-action-solidaire.org\/index.php\/cours-danglais\/#breadcrumb","itemListElement":[{"@type":"ListItem","position":1,"name":"Accueil","item":"https:\/\/www.generation-action-solidaire.org\/"},{"@type":"ListItem","position":2,"name":"Ateliers d&rsquo;anglais"}]},{"@type":"WebSite","@id":"https:\/\/www.generation-action-solidaire.org\/#website","url":"https:\/\/www.generation-action-solidaire.org\/","name":"G\u00e9n\u00e9ration Action Solidaire","description":"","publisher":{"@id":"https:\/\/www.generation-action-solidaire.org\/#organization"},"potentialAction":[{"@type":"SearchAction","target":{"@type":"EntryPoint","urlTemplate":"https:\/\/www.generation-action-solidaire.org\/?s={search_term_string}"},"query-input":{"@type":"PropertyValueSpecification","valueRequired":true,"valueName":"search_term_string"}}],"inLanguage":"fr-FR"},{"@type":"Organization","@id":"https:\/\/www.generation-action-solidaire.org\/#organization","name":"G\u00e9n\u00e9ration Action Solidaire","url":"https:\/\/www.generation-action-solidaire.org\/","logo":{"@type":"ImageObject","inLanguage":"fr-FR","@id":"https:\/\/www.generation-action-solidaire.org\/#\/schema\/logo\/image\/","url":"https:\/\/www.generation-action-solidaire.org\/wp-content\/uploads\/2025\/07\/logo-gas.jpg","contentUrl":"https:\/\/www.generation-action-solidaire.org\/wp-content\/uploads\/2025\/07\/logo-gas.jpg","width":224,"height":224,"caption":"G\u00e9n\u00e9ration Action Solidaire"},"image":{"@id":"https:\/\/www.generation-action-solidaire.org\/#\/schema\/logo\/image\/"},"sameAs":["https:\/\/www.instagram.com\/generation_action_solidaire\/"]}]}},"_links":{"self":[{"href":"https:\/\/www.generation-action-solidaire.org\/index.php\/wp-json\/wp\/v2\/pages\/46","targetHints":{"allow":["GET"]}}],"collection":[{"href":"https:\/\/www.generation-action-solidaire.org\/index.php\/wp-json\/wp\/v2\/pages"}],"about":[{"href":"https:\/\/www.generation-action-solidaire.org\/index.php\/wp-json\/wp\/v2\/types\/page"}],"author":[{"embeddable":true,"href":"https:\/\/www.generation-action-solidaire.org\/index.php\/wp-json\/wp\/v2\/users\/1"}],"replies":[{"embeddable":true,"href":"https:\/\/www.generation-action-solidaire.org\/index.php\/wp-json\/wp\/v2\/comments?post=46"}],"version-history":[{"count":16,"href":"https:\/\/www.generation-action-solidaire.org\/index.php\/wp-json\/wp\/v2\/pages\/46\/revisions"}],"predecessor-version":[{"id":624,"href":"https:\/\/www.generation-action-solidaire.org\/index.php\/wp-json\/wp\/v2\/pages\/46\/revisions\/624"}],"wp:attachment":[{"href":"https:\/\/www.generation-action-solidaire.org\/index.php\/wp-json\/wp\/v2\/media?parent=46"}],"curies":[{"name":"wp","href":"https:\/\/api.w.org\/{rel}","templated":true}]}}